{"id":10019,"date":"2025-12-20T10:42:55","date_gmt":"2025-12-20T07:42:55","guid":{"rendered":"https:\/\/quamond.com\/?page_id=10019"},"modified":"2025-12-22T16:13:24","modified_gmt":"2025-12-22T13:13:24","slug":"manifesto","status":"publish","type":"page","link":"https:\/\/qmondsurfaces.com\/tr\/manifesto","title":{"rendered":"Manifesto"},"content":{"rendered":"<div data-elementor-type=\"wp-page\" data-elementor-id=\"10019\" class=\"elementor elementor-10019\">\n\t\t\t\t\t\t<section class=\"elementor-section elementor-top-section elementor-element elementor-element-4888f1d elementor-section-boxed elementor-section-height-default elementor-section-height-default\" data-id=\"4888f1d\" data-element_type=\"section\" data-e-type=\"section\" data-settings=\"{&quot;background_background&quot;:&quot;classic&quot;}\">\n\t\t\t\t\t\t\t<div class=\"elementor-background-overlay\"><\/div>\n\t\t\t\t\t\t\t<div class=\"elementor-container elementor-column-gap-default\">\n\t\t\t\t\t<div class=\"elementor-column elementor-col-100 elementor-top-column elementor-element elementor-element-6c57eab1\" data-id=\"6c57eab1\" data-element_type=\"column\" data-e-type=\"column\">\n\t\t\t<div class=\"elementor-widget-wrap elementor-element-populated\">\n\t\t\t\t\t\t<div class=\"elementor-element elementor-element-700fdc0e elementor-widget elementor-widget-hub_fancy_heading\" data-id=\"700fdc0e\" data-element_type=\"widget\" data-e-type=\"widget\" data-widget_type=\"hub_fancy_heading.default\">\n\t\t\t\t<div class=\"elementor-widget-container\">\n\t\t\t\t\t\n\t\t<div id=\"ld-fancy-heading-69f3b7ff166d3\" class=\"ld-fancy-heading pos-rel\">\n\t\t\t<h6 class=\"ld-fh-element d-inline-block pos-rel  elementor-heading-title lqd-highlight-classic lqd-highlight-grow-left h6\"  > S\u00fcrd\u00fcr\u00fclebilirlik<\/h6>\t\t<\/div>\n\n\t\t\t\t\t\t<\/div>\n\t\t\t\t<\/div>\n\t\t\t\t<section class=\"elementor-section elementor-inner-section elementor-element elementor-element-7fde4cd7 elementor-section-boxed elementor-section-height-default elementor-section-height-default\" data-id=\"7fde4cd7\" data-element_type=\"section\" data-e-type=\"section\">\n\t\t\t\t\t\t<div class=\"elementor-container elementor-column-gap-default\">\n\t\t\t\t\t<div class=\"elementor-column elementor-col-50 elementor-inner-column elementor-element elementor-element-1e783efb\" data-id=\"1e783efb\" data-element_type=\"column\" data-e-type=\"column\">\n\t\t\t<div class=\"elementor-widget-wrap elementor-element-populated\">\n\t\t\t\t\t\t<div class=\"elementor-element elementor-element-7972b9e4 elementor-widget elementor-widget-hub_fancy_heading\" data-id=\"7972b9e4\" data-element_type=\"widget\" data-e-type=\"widget\" data-widget_type=\"hub_fancy_heading.default\">\n\t\t\t\t<div class=\"elementor-widget-container\">\n\t\t\t\t\t\n\t\t<div id=\"ld-fancy-heading-69f3b7ff18f88\" class=\"ld-fancy-heading pos-rel\">\n\t\t\t<h1 class=\"ld-fh-element d-inline-block pos-rel  elementor-heading-title lqd-highlight-classic lqd-highlight-grow-left h1\"  > Manifesto<\/h1>\t\t<\/div>\n\n\t\t\t\t\t\t<\/div>\n\t\t\t\t<\/div>\n\t\t\t\t<div class=\"elementor-element elementor-element-3df38f37 elementor-widget elementor-widget-hub_fancy_heading\" data-id=\"3df38f37\" data-element_type=\"widget\" data-e-type=\"widget\" data-widget_type=\"hub_fancy_heading.default\">\n\t\t\t\t<div class=\"elementor-widget-container\">\n\t\t\t\t\t\n\t\t<div id=\"ld-fancy-heading-69f3b7ff1ae94\" class=\"ld-fancy-heading pos-rel\">\n\t\t\t<p class=\"ld-fh-element d-inline-block pos-rel  lqd-highlight-classic lqd-highlight-grow-left p\"  > <b>Gelece\u011fe kar\u015f\u0131 sorumluluk manifestosu.<\/b><\/p>\t\t<\/div>\n\n\t\t\t\t\t\t<\/div>\n\t\t\t\t<\/div>\n\t\t\t\t\t<\/div>\n\t\t<\/div>\n\t\t\t\t<div class=\"elementor-column elementor-col-50 elementor-inner-column elementor-element elementor-element-4cf01777\" data-id=\"4cf01777\" data-element_type=\"column\" data-e-type=\"column\">\n\t\t\t<div class=\"elementor-widget-wrap\">\n\t\t\t\t\t\t\t<\/div>\n\t\t<\/div>\n\t\t\t\t\t<\/div>\n\t\t<\/section>\n\t\t\t\t\t<\/div>\n\t\t<\/div>\n\t\t\t\t\t<\/div>\n\t\t<\/section>\n\t\t\t\t<section class=\"elementor-section elementor-top-section elementor-element elementor-element-4a6faf6 elementor-section-boxed elementor-section-height-default elementor-section-height-default\" data-id=\"4a6faf6\" data-element_type=\"section\" data-e-type=\"section\" data-settings=\"{&quot;background_background&quot;:&quot;classic&quot;}\">\n\t\t\t\t\t\t\t<div class=\"elementor-background-overlay\"><\/div>\n\t\t\t\t\t\t\t<div class=\"elementor-container elementor-column-gap-default\">\n\t\t\t\t\t<div class=\"elementor-column elementor-col-100 elementor-top-column elementor-element elementor-element-12f262b8\" data-id=\"12f262b8\" data-element_type=\"column\" data-e-type=\"column\">\n\t\t\t<div class=\"elementor-widget-wrap elementor-element-populated\">\n\t\t\t\t\t\t<section class=\"elementor-section elementor-inner-section elementor-element elementor-element-7cac2e6b elementor-section-boxed elementor-section-height-default elementor-section-height-default\" data-id=\"7cac2e6b\" data-element_type=\"section\" data-e-type=\"section\">\n\t\t\t\t\t\t<div class=\"elementor-container elementor-column-gap-default\">\n\t\t\t\t\t<div class=\"elementor-column elementor-col-100 elementor-inner-column elementor-element elementor-element-3ff7d1f2\" data-id=\"3ff7d1f2\" data-element_type=\"column\" data-e-type=\"column\">\n\t\t\t<div class=\"elementor-widget-wrap elementor-element-populated\">\n\t\t\t\t\t\t<div class=\"elementor-element elementor-element-5f07437b elementor-widget elementor-widget-hub_fancy_heading\" data-id=\"5f07437b\" data-element_type=\"widget\" data-e-type=\"widget\" data-widget_type=\"hub_fancy_heading.default\">\n\t\t\t\t<div class=\"elementor-widget-container\">\n\t\t\t\t\t\n\t\t<div id=\"ld-fancy-heading-69f3b7ff1cdf7\" class=\"ld-fancy-heading pos-rel\">\n\t\t\t<h6 class=\"ld-fh-element d-inline-block pos-rel  elementor-heading-title lqd-highlight-classic lqd-highlight-grow-left h6\"  > \u2014 GELECE\u011eE KAR\u015eI SORUMLULUK MAN\u0130FESTOSU<\/h6>\t\t<\/div>\n\n\t\t\t\t\t\t<\/div>\n\t\t\t\t<\/div>\n\t\t\t\t<div class=\"elementor-element elementor-element-4fc8c7d3 elementor-widget elementor-widget-hub_fancy_heading\" data-id=\"4fc8c7d3\" data-element_type=\"widget\" data-e-type=\"widget\" data-widget_type=\"hub_fancy_heading.default\">\n\t\t\t\t<div class=\"elementor-widget-container\">\n\t\t\t\t\t\n\t\t<div id=\"ld-fancy-heading-69f3b7ff1ecbd\" class=\"ld-fancy-heading pos-rel\">\n\t\t\t<h4 class=\"ld-fh-element d-inline-block pos-rel  elementor-heading-title lqd-highlight-classic lqd-highlight-grow-left h4\"  > De\u011fi\u015fim ve sorumluluk, felsefemizin k\u00f6klerinde yatmaktad\u0131r. Bizim i\u00e7in s\u00fcrd\u00fcr\u00fclebilirlik, sadece bir hedef de\u011fil, bir ya\u015fam bi\u00e7imidir. Do\u011fan\u0131n d\u00f6ng\u00fcs\u00fcne sayg\u0131 duyarak, kaynaklar\u0131 verimli kullanarak ve insan haklar\u0131na de\u011fer vererek bir yol haritas\u0131 olu\u015fturuyoruz. Yenilik\u00e7i d\u00fc\u015f\u00fcnce, \u00e7evre dostu tasar\u0131m ve e\u015fitlik\u00e7i yakla\u015f\u0131m, her ad\u0131mda bizlere rehberlik eder.<\/h4>\t\t<\/div>\n\n\t\t\t\t\t\t<\/div>\n\t\t\t\t<\/div>\n\t\t\t\t\t<\/div>\n\t\t<\/div>\n\t\t\t\t\t<\/div>\n\t\t<\/section>\n\t\t\t\t\t<\/div>\n\t\t<\/div>\n\t\t\t\t\t<\/div>\n\t\t<\/section>\n\t\t\t\t<section class=\"elementor-section elementor-top-section elementor-element elementor-element-76ad62b7 elementor-section-full_width elementor-section-height-default elementor-section-height-default\" data-id=\"76ad62b7\" data-element_type=\"section\" data-e-type=\"section\" data-settings=\"{&quot;background_background&quot;:&quot;classic&quot;}\">\n\t\t\t\t\t\t<div class=\"elementor-container elementor-column-gap-default\">\n\t\t\t\t\t<div class=\"elementor-column elementor-col-50 elementor-top-column elementor-element elementor-element-699bbcea\" data-id=\"699bbcea\" data-element_type=\"column\" data-e-type=\"column\" data-settings=\"{&quot;background_background&quot;:&quot;classic&quot;}\">\n\t\t\t<div class=\"elementor-widget-wrap elementor-element-populated\">\n\t\t\t\t\t\t<div class=\"elementor-element elementor-element-501ed4b7 elementor-widget elementor-widget-spacer\" data-id=\"501ed4b7\" data-element_type=\"widget\" data-e-type=\"widget\" data-widget_type=\"spacer.default\">\n\t\t\t\t<div class=\"elementor-widget-container\">\n\t\t\t\t\t\t\t<div class=\"elementor-spacer\">\n\t\t\t<div class=\"elementor-spacer-inner\"><\/div>\n\t\t<\/div>\n\t\t\t\t\t\t<\/div>\n\t\t\t\t<\/div>\n\t\t\t\t\t<\/div>\n\t\t<\/div>\n\t\t\t\t<div class=\"elementor-column elementor-col-50 elementor-top-column elementor-element elementor-element-6afd14b7\" data-id=\"6afd14b7\" data-element_type=\"column\" data-e-type=\"column\">\n\t\t\t<div class=\"elementor-widget-wrap elementor-element-populated\">\n\t\t\t\t\t\t<div class=\"elementor-element elementor-element-2266ec2c elementor-widget elementor-widget-spacer\" data-id=\"2266ec2c\" data-element_type=\"widget\" data-e-type=\"widget\" data-widget_type=\"spacer.default\">\n\t\t\t\t<div class=\"elementor-widget-container\">\n\t\t\t\t\t\t\t<div class=\"elementor-spacer\">\n\t\t\t<div class=\"elementor-spacer-inner\"><\/div>\n\t\t<\/div>\n\t\t\t\t\t\t<\/div>\n\t\t\t\t<\/div>\n\t\t\t\t<div class=\"elementor-element elementor-element-27855418 elementor-widget elementor-widget-hub_fancy_heading\" data-id=\"27855418\" data-element_type=\"widget\" data-e-type=\"widget\" data-widget_type=\"hub_fancy_heading.default\">\n\t\t\t\t<div class=\"elementor-widget-container\">\n\t\t\t\t\t\n\t\t<div id=\"ld-fancy-heading-69f3b7ff203d8\" class=\"ld-fancy-heading pos-rel\">\n\t\t\t<p class=\"ld-fh-element d-inline-block pos-rel  lqd-highlight-classic lqd-highlight-grow-left p\"  > . Do\u011fay\u0131 Kucakla: Kaynaklar\u0131 korumak, do\u011fay\u0131 anlamak ve ona en iyi \u015fekilde hizmet etmek en b\u00fcy\u00fck \u00f6nceli\u011fimizdir.\n\n<br><br>. Yenilik\u00e7i ve Verimli: Teknoloji ve yarat\u0131c\u0131 \u00e7\u00f6z\u00fcmlerle s\u00fcrd\u00fcr\u00fclebilir bir gelecek in\u015fa etmek i\u00e7in s\u00fcrekli yenilik pe\u015findeyiz.\n\n<br><br>. E\u015fitlik\u00e7i ve Adil: Her bireyin haklar\u0131na sayg\u0131 duyarak, herkes i\u00e7in e\u015fit f\u0131rsatlar yaratmay\u0131 taahh\u00fct ederiz.\n\n<br><br>. Topluluk \u0130\u00e7in: Birlikte, kolektif bir bilin\u00e7le daha g\u00fc\u00e7l\u00fc bir toplum ve daha sa\u011fl\u0131kl\u0131 bir gezegen yaratabiliriz.\n<br><br>Bizler, de\u011fi\u015fimin g\u00fcc\u00fcne inan\u0131yoruz ve s\u00fcrd\u00fcr\u00fclebilir bir d\u00fcnya i\u00e7in herkesin katk\u0131s\u0131n\u0131n de\u011ferli oldu\u011funa inan\u0131yoruz. G\u00fc\u00e7l\u00fc bir gelecek, hepimizin elinde \u015fekillenir. Birlikte daha iyi bir yar\u0131n i\u00e7in!<\/p>\t\t<\/div>\n\n\t\t\t\t\t\t<\/div>\n\t\t\t\t<\/div>\n\t\t\t\t<div class=\"elementor-element elementor-element-7e26408b elementor-widget elementor-widget-spacer\" data-id=\"7e26408b\" data-element_type=\"widget\" data-e-type=\"widget\" data-widget_type=\"spacer.default\">\n\t\t\t\t<div class=\"elementor-widget-container\">\n\t\t\t\t\t\t\t<div class=\"elementor-spacer\">\n\t\t\t<div class=\"elementor-spacer-inner\"><\/div>\n\t\t<\/div>\n\t\t\t\t\t\t<\/div>\n\t\t\t\t<\/div>\n\t\t\t\t\t<\/div>\n\t\t<\/div>\n\t\t\t\t\t<\/div>\n\t\t<\/section>\n\t\t\t\t<section class=\"elementor-section elementor-top-section elementor-element elementor-element-4282704a elementor-section-full_width elementor-reverse-mobile elementor-section-height-default elementor-section-height-default\" data-id=\"4282704a\" data-element_type=\"section\" data-e-type=\"section\" data-settings=\"{&quot;background_background&quot;:&quot;classic&quot;}\">\n\t\t\t\t\t\t<div class=\"elementor-container elementor-column-gap-default\">\n\t\t\t\t\t<div class=\"elementor-column elementor-col-50 elementor-top-column elementor-element elementor-element-4e02d58d\" data-id=\"4e02d58d\" data-element_type=\"column\" data-e-type=\"column\">\n\t\t\t<div class=\"elementor-widget-wrap elementor-element-populated\">\n\t\t\t\t\t\t<div class=\"elementor-element elementor-element-5d732375 elementor-widget elementor-widget-spacer\" data-id=\"5d732375\" data-element_type=\"widget\" data-e-type=\"widget\" data-widget_type=\"spacer.default\">\n\t\t\t\t<div class=\"elementor-widget-container\">\n\t\t\t\t\t\t\t<div class=\"elementor-spacer\">\n\t\t\t<div class=\"elementor-spacer-inner\"><\/div>\n\t\t<\/div>\n\t\t\t\t\t\t<\/div>\n\t\t\t\t<\/div>\n\t\t\t\t<div class=\"elementor-element elementor-element-19352eb5 elementor-widget elementor-widget-hub_fancy_heading\" data-id=\"19352eb5\" data-element_type=\"widget\" data-e-type=\"widget\" data-widget_type=\"hub_fancy_heading.default\">\n\t\t\t\t<div class=\"elementor-widget-container\">\n\t\t\t\t\t\n\t\t<div id=\"ld-fancy-heading-69f3b7ff217fe\" class=\"ld-fancy-heading pos-rel\">\n\t\t\t<h4 class=\"ld-fh-element d-inline-block pos-rel  elementor-heading-title lqd-highlight-classic lqd-highlight-grow-left h4\"  > <b>R.E.S.P.E.C.T. MAN\u0130FESTOSU<\/b><\/h4>\t\t<\/div>\n\n\t\t\t\t\t\t<\/div>\n\t\t\t\t<\/div>\n\t\t\t\t<div class=\"elementor-element elementor-element-1fcff54c elementor-widget elementor-widget-hub_fancy_heading\" data-id=\"1fcff54c\" data-element_type=\"widget\" data-e-type=\"widget\" data-widget_type=\"hub_fancy_heading.default\">\n\t\t\t\t<div class=\"elementor-widget-container\">\n\t\t\t\t\t\n\t\t<div id=\"ld-fancy-heading-69f3b7ff22b97\" class=\"ld-fancy-heading pos-rel\">\n\t\t\t<p class=\"ld-fh-element d-inline-block pos-rel  lqd-highlight-classic lqd-highlight-grow-left p\"  > Revolutionize (De\u011fi\u015fim) ve Empower (G\u00fc\u00e7lendirme), felsefemizin temellerindedir. Bizim i\u00e7in s\u00fcrd\u00fcr\u00fclebilirlik sadece bir hedef de\u011fil, bir ya\u015fam bi\u00e7imidir. Do\u011fan\u0131n d\u00f6ng\u00fcs\u00fcne sayg\u0131 duyarak, kaynaklar\u0131 verimli kullanarak ve insan haklar\u0131na de\u011fer vererek bir yol haritas\u0131 olu\u015fturuyoruz. Yenilik\u00e7i d\u00fc\u015f\u00fcnce, \u00e7evre dostu tasar\u0131m ve e\u015fitlik\u00e7i yakla\u015f\u0131m, her ad\u0131mda bizlere rehberlik eder.\n<\/p>\t\t<\/div>\n\n\t\t\t\t\t\t<\/div>\n\t\t\t\t<\/div>\n\t\t\t\t<div class=\"elementor-element elementor-element-de44352 elementor-widget elementor-widget-spacer\" data-id=\"de44352\" data-element_type=\"widget\" data-e-type=\"widget\" data-widget_type=\"spacer.default\">\n\t\t\t\t<div class=\"elementor-widget-container\">\n\t\t\t\t\t\t\t<div class=\"elementor-spacer\">\n\t\t\t<div class=\"elementor-spacer-inner\"><\/div>\n\t\t<\/div>\n\t\t\t\t\t\t<\/div>\n\t\t\t\t<\/div>\n\t\t\t\t\t<\/div>\n\t\t<\/div>\n\t\t\t\t<div class=\"elementor-column elementor-col-50 elementor-top-column elementor-element elementor-element-61f4885a\" data-id=\"61f4885a\" data-element_type=\"column\" data-e-type=\"column\" data-settings=\"{&quot;background_background&quot;:&quot;classic&quot;}\">\n\t\t\t<div class=\"elementor-widget-wrap elementor-element-populated\">\n\t\t\t\t\t\t<div class=\"elementor-element elementor-element-1255d8e3 elementor-widget elementor-widget-spacer\" data-id=\"1255d8e3\" data-element_type=\"widget\" data-e-type=\"widget\" data-widget_type=\"spacer.default\">\n\t\t\t\t<div class=\"elementor-widget-container\">\n\t\t\t\t\t\t\t<div class=\"elementor-spacer\">\n\t\t\t<div class=\"elementor-spacer-inner\"><\/div>\n\t\t<\/div>\n\t\t\t\t\t\t<\/div>\n\t\t\t\t<\/div>\n\t\t\t\t\t<\/div>\n\t\t<\/div>\n\t\t\t\t\t<\/div>\n\t\t<\/section>\n\t\t\t\t<section class=\"elementor-section elementor-top-section elementor-element elementor-element-6ebc587f elementor-section-full_width elementor-reverse-mobile elementor-section-height-default elementor-section-height-default\" data-id=\"6ebc587f\" data-element_type=\"section\" data-e-type=\"section\" data-settings=\"{&quot;background_background&quot;:&quot;classic&quot;}\">\n\t\t\t\t\t\t<div class=\"elementor-container elementor-column-gap-default\">\n\t\t\t\t\t<div class=\"elementor-column elementor-col-50 elementor-top-column elementor-element elementor-element-4f0dd2fa\" data-id=\"4f0dd2fa\" data-element_type=\"column\" data-e-type=\"column\" data-settings=\"{&quot;background_background&quot;:&quot;classic&quot;}\">\n\t\t\t<div class=\"elementor-widget-wrap elementor-element-populated\">\n\t\t\t\t\t\t<div class=\"elementor-element elementor-element-4f4a0df5 elementor-widget elementor-widget-spacer\" data-id=\"4f4a0df5\" data-element_type=\"widget\" data-e-type=\"widget\" data-widget_type=\"spacer.default\">\n\t\t\t\t<div class=\"elementor-widget-container\">\n\t\t\t\t\t\t\t<div class=\"elementor-spacer\">\n\t\t\t<div class=\"elementor-spacer-inner\"><\/div>\n\t\t<\/div>\n\t\t\t\t\t\t<\/div>\n\t\t\t\t<\/div>\n\t\t\t\t\t<\/div>\n\t\t<\/div>\n\t\t\t\t<div class=\"elementor-column elementor-col-50 elementor-top-column elementor-element elementor-element-6d09b673\" data-id=\"6d09b673\" data-element_type=\"column\" data-e-type=\"column\">\n\t\t\t<div class=\"elementor-widget-wrap elementor-element-populated\">\n\t\t\t\t\t\t<div class=\"elementor-element elementor-element-73c99ba2 elementor-widget elementor-widget-spacer\" data-id=\"73c99ba2\" data-element_type=\"widget\" data-e-type=\"widget\" data-widget_type=\"spacer.default\">\n\t\t\t\t<div class=\"elementor-widget-container\">\n\t\t\t\t\t\t\t<div class=\"elementor-spacer\">\n\t\t\t<div class=\"elementor-spacer-inner\"><\/div>\n\t\t<\/div>\n\t\t\t\t\t\t<\/div>\n\t\t\t\t<\/div>\n\t\t\t\t<div class=\"elementor-element elementor-element-27737916 elementor-widget elementor-widget-hub_fancy_heading\" data-id=\"27737916\" data-element_type=\"widget\" data-e-type=\"widget\" data-widget_type=\"hub_fancy_heading.default\">\n\t\t\t\t<div class=\"elementor-widget-container\">\n\t\t\t\t\t\n\t\t<div id=\"ld-fancy-heading-69f3b7ff23ec5\" class=\"ld-fancy-heading pos-rel\">\n\t\t\t<p class=\"ld-fh-element d-inline-block pos-rel  lqd-highlight-classic lqd-highlight-grow-left p\"  > <b>Reconnect with Nature (Do\u011fayla Yeniden Ba\u011f Kur):<\/b> Kaynaklar\u0131 korumak, do\u011fay\u0131 anlamak ve ona en iyi \u015fekilde hizmet etmek en b\u00fcy\u00fck \u00f6nceli\u011fimizdir.\n\n<br><br><b>Empowering Innovation (Yenilik\u00e7i G\u00fc\u00e7lendirme): <\/b>Teknoloji ve yarat\u0131c\u0131 \u00e7\u00f6z\u00fcmlerle s\u00fcrd\u00fcr\u00fclebilir bir gelecek in\u015fa etmek i\u00e7in s\u00fcrekli yenilik pe\u015findeyiz.\n\n<br><br><b>Social Justice (Toplumsal Adalet):<\/b> Her bireyin haklar\u0131na sayg\u0131 duyarak, herkes i\u00e7in e\u015fit f\u0131rsatlar yaratmay\u0131 taahh\u00fct ederiz.\n<\/p>\t\t<\/div>\n\n\t\t\t\t\t\t<\/div>\n\t\t\t\t<\/div>\n\t\t\t\t<div class=\"elementor-element elementor-element-439bf363 elementor-widget elementor-widget-spacer\" data-id=\"439bf363\" data-element_type=\"widget\" data-e-type=\"widget\" data-widget_type=\"spacer.default\">\n\t\t\t\t<div class=\"elementor-widget-container\">\n\t\t\t\t\t\t\t<div class=\"elementor-spacer\">\n\t\t\t<div class=\"elementor-spacer-inner\"><\/div>\n\t\t<\/div>\n\t\t\t\t\t\t<\/div>\n\t\t\t\t<\/div>\n\t\t\t\t\t<\/div>\n\t\t<\/div>\n\t\t\t\t\t<\/div>\n\t\t<\/section>\n\t\t\t\t<section class=\"elementor-section elementor-top-section elementor-element elementor-element-57faf2ca elementor-section-full_width elementor-section-height-default elementor-section-height-default\" data-id=\"57faf2ca\" data-element_type=\"section\" data-e-type=\"section\" data-settings=\"{&quot;background_background&quot;:&quot;classic&quot;}\">\n\t\t\t\t\t\t<div class=\"elementor-container elementor-column-gap-default\">\n\t\t\t\t\t<div class=\"elementor-column elementor-col-50 elementor-top-column elementor-element elementor-element-5e4dd426\" data-id=\"5e4dd426\" data-element_type=\"column\" data-e-type=\"column\">\n\t\t\t<div class=\"elementor-widget-wrap elementor-element-populated\">\n\t\t\t\t\t\t<div class=\"elementor-element elementor-element-64bde209 elementor-widget elementor-widget-spacer\" data-id=\"64bde209\" data-element_type=\"widget\" data-e-type=\"widget\" data-widget_type=\"spacer.default\">\n\t\t\t\t<div class=\"elementor-widget-container\">\n\t\t\t\t\t\t\t<div class=\"elementor-spacer\">\n\t\t\t<div class=\"elementor-spacer-inner\"><\/div>\n\t\t<\/div>\n\t\t\t\t\t\t<\/div>\n\t\t\t\t<\/div>\n\t\t\t\t<div class=\"elementor-element elementor-element-41715977 elementor-widget elementor-widget-hub_fancy_heading\" data-id=\"41715977\" data-element_type=\"widget\" data-e-type=\"widget\" data-widget_type=\"hub_fancy_heading.default\">\n\t\t\t\t<div class=\"elementor-widget-container\">\n\t\t\t\t\t\n\t\t<div id=\"ld-fancy-heading-69f3b7ff2537e\" class=\"ld-fancy-heading pos-rel\">\n\t\t\t<p class=\"ld-fh-element d-inline-block pos-rel  lqd-highlight-classic lqd-highlight-grow-left p\"  > <b>Protect the Planet (Gezegeni Koru):<\/b> Do\u011fay\u0131 ve ekosistemleri korumak i\u00e7in t\u00fcm s\u00fcre\u00e7lerimizi \u00e7evre dostu tutar\u0131z.\n\n<br><br><b>Equitable Futures (E\u015fit Gelecekler):<\/b> Herkesin e\u015fit haklara sahip oldu\u011fu bir toplum i\u00e7in \u00e7al\u0131\u015f\u0131r\u0131z.\n\n<br><br><b>Collective Action (Kolektif Eylem):<\/b> Birlikte, kolektif bir bilin\u00e7le daha g\u00fc\u00e7l\u00fc bir toplum ve daha sa\u011fl\u0131kl\u0131 bir gezegen yaratabiliriz.\n\n<br><br><b>Transform Together (Birlikte D\u00f6n\u00fc\u015f\u00fcm): <\/b>Bizler, de\u011fi\u015fimin g\u00fcc\u00fcne inan\u0131yor ve s\u00fcrd\u00fcr\u00fclebilir bir d\u00fcnya i\u00e7in herkesin katk\u0131s\u0131n\u0131n de\u011ferli oldu\u011funa inan\u0131yoruz.\n\n<\/p>\t\t<\/div>\n\n\t\t\t\t\t\t<\/div>\n\t\t\t\t<\/div>\n\t\t\t\t<div class=\"elementor-element elementor-element-f15b29a elementor-widget elementor-widget-spacer\" data-id=\"f15b29a\" data-element_type=\"widget\" data-e-type=\"widget\" data-widget_type=\"spacer.default\">\n\t\t\t\t<div class=\"elementor-widget-container\">\n\t\t\t\t\t\t\t<div class=\"elementor-spacer\">\n\t\t\t<div class=\"elementor-spacer-inner\"><\/div>\n\t\t<\/div>\n\t\t\t\t\t\t<\/div>\n\t\t\t\t<\/div>\n\t\t\t\t\t<\/div>\n\t\t<\/div>\n\t\t\t\t<div class=\"elementor-column elementor-col-50 elementor-top-column elementor-element elementor-element-7f3265cd\" data-id=\"7f3265cd\" data-element_type=\"column\" data-e-type=\"column\" data-settings=\"{&quot;background_background&quot;:&quot;classic&quot;}\">\n\t\t\t<div class=\"elementor-widget-wrap elementor-element-populated\">\n\t\t\t\t\t\t<div class=\"elementor-element elementor-element-1fd7ac38 elementor-widget elementor-widget-spacer\" data-id=\"1fd7ac38\" data-element_type=\"widget\" data-e-type=\"widget\" data-widget_type=\"spacer.default\">\n\t\t\t\t<div class=\"elementor-widget-container\">\n\t\t\t\t\t\t\t<div class=\"elementor-spacer\">\n\t\t\t<div class=\"elementor-spacer-inner\"><\/div>\n\t\t<\/div>\n\t\t\t\t\t\t<\/div>\n\t\t\t\t<\/div>\n\t\t\t\t\t<\/div>\n\t\t<\/div>\n\t\t\t\t\t<\/div>\n\t\t<\/section>\n\t\t\t\t<\/div>","protected":false},"excerpt":{"rendered":"<p>S\u00fcrd\u00fcr\u00fclebilirlik Manifesto Gelece\u011fe kar\u015f\u0131 sorumluluk manifestosu. \u2014 GELECE\u011eE KAR\u015eI SORUMLULUK MAN\u0130FESTOSU De\u011fi\u015fim ve sorumluluk, felsefemizin k\u00f6klerinde yatmaktad\u0131r. Bizim i\u00e7in s\u00fcrd\u00fcr\u00fclebilirlik, sadece bir hedef de\u011fil, bir ya\u015fam bi\u00e7imidir. Do\u011fan\u0131n d\u00f6ng\u00fcs\u00fcne sayg\u0131 duyarak, kaynaklar\u0131 verimli kullanarak ve insan haklar\u0131na de\u011fer vererek bir yol haritas\u0131 olu\u015fturuyoruz. Yenilik\u00e7i d\u00fc\u015f\u00fcnce, \u00e7evre dostu tasar\u0131m ve e\u015fitlik\u00e7i yakla\u015f\u0131m, her ad\u0131mda bizlere rehberlik [&hellip;]<\/p>\n","protected":false},"author":1,"featured_media":0,"parent":0,"menu_order":0,"comment_status":"closed","ping_status":"closed","template":"","meta":{"footnotes":""},"class_list":["post-10019","page","type-page","status-publish","hentry"],"_links":{"self":[{"href":"https:\/\/qmondsurfaces.com\/tr\/wp-json\/wp\/v2\/pages\/10019","targetHints":{"allow":["GET"]}}],"collection":[{"href":"https:\/\/qmondsurfaces.com\/tr\/wp-json\/wp\/v2\/pages"}],"about":[{"href":"https:\/\/qmondsurfaces.com\/tr\/wp-json\/wp\/v2\/types\/page"}],"author":[{"embeddable":true,"href":"https:\/\/qmondsurfaces.com\/tr\/wp-json\/wp\/v2\/users\/1"}],"replies":[{"embeddable":true,"href":"https:\/\/qmondsurfaces.com\/tr\/wp-json\/wp\/v2\/comments?post=10019"}],"version-history":[{"count":13,"href":"https:\/\/qmondsurfaces.com\/tr\/wp-json\/wp\/v2\/pages\/10019\/revisions"}],"predecessor-version":[{"id":10102,"href":"https:\/\/qmondsurfaces.com\/tr\/wp-json\/wp\/v2\/pages\/10019\/revisions\/10102"}],"wp:attachment":[{"href":"https:\/\/qmondsurfaces.com\/tr\/wp-json\/wp\/v2\/media?parent=10019"}],"curies":[{"name":"wp","href":"https:\/\/api.w.org\/{rel}","templated":true}]}}